{"id":3091,"date":"2024-05-15T08:53:34","date_gmt":"2024-05-15T08:53:34","guid":{"rendered":"https:\/\/tunturilinjat.louru.fi\/?page_id=3091"},"modified":"2024-11-22T10:23:14","modified_gmt":"2024-11-22T10:23:14","slug":"frequently-asked-questions","status":"publish","type":"page","link":"https:\/\/tunturilinjat.fi\/en\/usein-kysyttya\/","title":{"rendered":"frequently asked"},"content":{"rendered":"<div data-elementor-type=\"wp-page\" data-elementor-id=\"3091\" class=\"elementor elementor-3091\" data-elementor-post-type=\"page\">\n\t\t\t\t\t\t<section data-particle_enable=\"false\" data-particle-mobile-disabled=\"false\" class=\"elementor-section elementor-top-section elementor-element elementor-element-55d70db0 elementor-section-boxed elementor-section-height-default elementor-section-height-default\" data-id=\"55d70db0\" data-element_type=\"section\" data-e-type=\"section\" data-settings=\"{&quot;background_background&quot;:&quot;classic&quot;}\">\n\t\t\t\t\t\t\t<div class=\"elementor-background-overlay\"><\/div>\n\t\t\t\t\t\t\t<div class=\"elementor-container elementor-column-gap-default\">\n\t\t\t\t\t<div class=\"elementor-column elementor-col-100 elementor-top-column elementor-element elementor-element-7115b96d\" data-id=\"7115b96d\" data-element_type=\"column\" data-e-type=\"column\">\n\t\t\t<div class=\"elementor-widget-wrap elementor-element-populated\">\n\t\t\t\t\t\t<div class=\"elementor-element elementor-element-4f72741 elementor-invisible elementor-widget elementor-widget-heading\" data-id=\"4f72741\" data-element_type=\"widget\" data-e-type=\"widget\" data-settings=\"{&quot;_animation&quot;:&quot;fadeInDown&quot;,&quot;_animation_delay&quot;:400}\" data-widget_type=\"heading.default\">\n\t\t\t\t<div class=\"elementor-widget-container\">\n\t\t\t\t\t<h5 class=\"elementor-heading-title elementor-size-default\">Tunturilinjat Oy<\/h5>\t\t\t\t<\/div>\n\t\t\t\t<\/div>\n\t\t\t\t<div class=\"elementor-element elementor-element-f13ffbd elementor-widget__width-auto elementor-invisible elementor-widget elementor-widget-heading\" data-id=\"f13ffbd\" data-element_type=\"widget\" data-e-type=\"widget\" data-settings=\"{&quot;_animation&quot;:&quot;fadeInUp&quot;}\" data-widget_type=\"heading.default\">\n\t\t\t\t<div class=\"elementor-widget-container\">\n\t\t\t\t\t<h2 class=\"elementor-heading-title elementor-size-default\">Frequently asked Questions<\/h2>\t\t\t\t<\/div>\n\t\t\t\t<\/div>\n\t\t\t\t\t<\/div>\n\t\t<\/div>\n\t\t\t\t\t<\/div>\n\t\t<\/section>\n\t\t\t\t<section data-particle_enable=\"false\" data-particle-mobile-disabled=\"false\" class=\"elementor-section elementor-top-section elementor-element elementor-element-fffd5a6 elementor-section-boxed elementor-section-height-default elementor-section-height-default\" data-id=\"fffd5a6\" data-element_type=\"section\" data-e-type=\"section\" data-settings=\"{&quot;background_background&quot;:&quot;classic&quot;}\">\n\t\t\t\t\t\t\t<div class=\"elementor-background-overlay\"><\/div>\n\t\t\t\t\t\t\t<div class=\"elementor-container elementor-column-gap-default\">\n\t\t\t\t\t<div class=\"elementor-column elementor-col-100 elementor-top-column elementor-element elementor-element-62c50bf\" data-id=\"62c50bf\" data-element_type=\"column\" data-e-type=\"column\">\n\t\t\t<div class=\"elementor-widget-wrap elementor-element-populated\">\n\t\t\t\t\t\t<div class=\"elementor-element elementor-element-3afdcb4 elementor-widget elementor-widget-menu-anchor\" data-id=\"3afdcb4\" data-element_type=\"widget\" data-e-type=\"widget\" data-widget_type=\"menu-anchor.default\">\n\t\t\t\t<div class=\"elementor-widget-container\">\n\t\t\t\t\t\t\t<div class=\"elementor-menu-anchor\" id=\"ukk\"><\/div>\n\t\t\t\t\t\t<\/div>\n\t\t\t\t<\/div>\n\t\t\t\t\t<\/div>\n\t\t<\/div>\n\t\t\t\t\t<\/div>\n\t\t<\/section>\n\t\t\t\t<section data-particle_enable=\"false\" data-particle-mobile-disabled=\"false\" class=\"elementor-section elementor-top-section elementor-element elementor-element-0420149 elementor-section-boxed elementor-section-height-default elementor-section-height-default\" data-id=\"0420149\" data-element_type=\"section\" data-e-type=\"section\" data-settings=\"{&quot;background_background&quot;:&quot;classic&quot;}\">\n\t\t\t\t\t\t\t<div class=\"elementor-background-overlay\"><\/div>\n\t\t\t\t\t\t\t<div class=\"elementor-container elementor-column-gap-default\">\n\t\t\t\t\t<div class=\"elementor-column elementor-col-100 elementor-top-column elementor-element elementor-element-5d92397\" data-id=\"5d92397\" data-element_type=\"column\" data-e-type=\"column\">\n\t\t\t<div class=\"elementor-widget-wrap elementor-element-populated\">\n\t\t\t\t\t\t<section data-particle_enable=\"false\" data-particle-mobile-disabled=\"false\" class=\"elementor-section elementor-inner-section elementor-element elementor-element-29dd1af elementor-section-boxed elementor-section-height-default elementor-section-height-default\" data-id=\"29dd1af\" data-element_type=\"section\" data-e-type=\"section\">\n\t\t\t\t\t\t<div class=\"elementor-container elementor-column-gap-default\">\n\t\t\t\t\t<div class=\"elementor-column elementor-col-100 elementor-inner-column elementor-element elementor-element-586a834\" data-id=\"586a834\" data-element_type=\"column\" data-e-type=\"column\">\n\t\t\t<div class=\"elementor-widget-wrap elementor-element-populated\">\n\t\t\t\t\t\t<div class=\"elementor-element elementor-element-901fc6f elementor-invisible elementor-widget elementor-widget-heading\" data-id=\"901fc6f\" data-element_type=\"widget\" data-e-type=\"widget\" data-settings=\"{&quot;_animation&quot;:&quot;fadeInUp&quot;}\" data-widget_type=\"heading.default\">\n\t\t\t\t<div class=\"elementor-widget-container\">\n\t\t\t\t\t<h2 class=\"elementor-heading-title elementor-size-default\">Frequently asked Questions<\/h2>\t\t\t\t<\/div>\n\t\t\t\t<\/div>\n\t\t\t\t<div class=\"elementor-element elementor-element-c61dfec elementor-widget elementor-widget-text-editor\" data-id=\"c61dfec\" data-element_type=\"widget\" data-e-type=\"widget\" data-widget_type=\"text-editor.default\">\n\t\t\t\t<div class=\"elementor-widget-container\">\n\t\t\t\t\t\t\t\t\t<p>We will update with more questions later.<\/p>\t\t\t\t\t\t\t\t<\/div>\n\t\t\t\t<\/div>\n\t\t\t\t<div class=\"elementor-element elementor-element-8011d9a elementor-widget elementor-widget-eael-adv-accordion\" data-id=\"8011d9a\" data-element_type=\"widget\" data-e-type=\"widget\" data-widget_type=\"eael-adv-accordion.default\">\n\t\t\t\t<div class=\"elementor-widget-container\">\n\t\t\t\t\t            <div class=\"eael-adv-accordion\" id=\"eael-adv-accordion-8011d9a\" data-scroll-on-click=\"no\" data-scroll-speed=\"300\" data-accordion-id=\"8011d9a\" data-accordion-type=\"accordion\" data-toogle-speed=\"300\">\n            <div class=\"eael-accordion-list\">\n\t\t\t\t\t<div id=\"milloin-liput-tulevat-myyntiin\" class=\"elementor-tab-title eael-accordion-header\" tabindex=\"0\" data-tab=\"1\" aria-controls=\"elementor-tab-content-1341\"><span class=\"eael-advanced-accordion-icon-closed\"><i aria-hidden=\"true\" class=\"fa-accordion-icon fas fa-chevron-right\"><\/i><\/span><span class=\"eael-advanced-accordion-icon-opened\"><i aria-hidden=\"true\" class=\"fa-accordion-icon fas fa-chevron-down\"><\/i><\/span><span class=\"eael-accordion-tab-title\">When do the tickets go on sale?<\/span><\/div><div id=\"elementor-tab-content-1341\" class=\"eael-accordion-content clearfix\" data-tab=\"1\" aria-labelledby=\"milloin-liput-tulevat-myyntiin\"><p>Tickets for buses go on sale at the end of the previous month. Schedule updates are also made at the end of the previous month.<\/p><\/div>\n\t\t\t\t\t<\/div><\/div>\t\t\t\t<\/div>\n\t\t\t\t<\/div>\n\t\t\t\t<div class=\"elementor-element elementor-element-fe1297f elementor-widget elementor-widget-eael-adv-accordion\" data-id=\"fe1297f\" data-element_type=\"widget\" data-e-type=\"widget\" data-widget_type=\"eael-adv-accordion.default\">\n\t\t\t\t<div class=\"elementor-widget-container\">\n\t\t\t\t\t            <div class=\"eael-adv-accordion\" id=\"eael-adv-accordion-fe1297f\" data-scroll-on-click=\"no\" data-scroll-speed=\"300\" data-accordion-id=\"fe1297f\" data-accordion-type=\"accordion\" data-toogle-speed=\"300\">\n            <div class=\"eael-accordion-list\">\n\t\t\t\t\t<div id=\"mist-nen-tarkat-pyskit-reiteille\" class=\"elementor-tab-title eael-accordion-header\" tabindex=\"0\" data-tab=\"1\" aria-controls=\"elementor-tab-content-2661\"><span class=\"eael-advanced-accordion-icon-closed\"><i aria-hidden=\"true\" class=\"fa-accordion-icon fas fa-chevron-right\"><\/i><\/span><span class=\"eael-advanced-accordion-icon-opened\"><i aria-hidden=\"true\" class=\"fa-accordion-icon fas fa-chevron-down\"><\/i><\/span><span class=\"eael-accordion-tab-title\">Where can I see the exact stops for the routes?<\/span><\/div><div id=\"elementor-tab-content-2661\" class=\"eael-accordion-content clearfix\" data-tab=\"1\" aria-labelledby=\"mist-nen-tarkat-pyskit-reiteille\"><p>You can see more detailed routes <a href=\"https:\/\/liput.matkahuolto.fi\/connectionsearch#breadcrumb\" target=\"_blank\" rel=\"noopener\">Through Matkahuolto&#039;s website<\/a><\/p><p>1. First select the dates.<\/p><p>2. Press the &#039; next to the ticket price<strong>Info<\/strong>&#039; text, and then a link that opens from it:<\/p><p><img decoding=\"async\" class=\"alignnone size-medium wp-image-3097\" src=\"https:\/\/tunturilinjat.fi\/wp-content\/uploads\/2024\/05\/Matkahuolto_nayta_pysakit_Matkahuolto_show_stops-300x95.jpg\" alt=\"\" width=\"300\" height=\"95\" srcset=\"https:\/\/tunturilinjat.fi\/wp-content\/uploads\/2024\/05\/Matkahuolto_nayta_pysakit_Matkahuolto_show_stops-300x95.jpg 300w, https:\/\/tunturilinjat.fi\/wp-content\/uploads\/2024\/05\/Matkahuolto_nayta_pysakit_Matkahuolto_show_stops-18x6.jpg 18w, https:\/\/tunturilinjat.fi\/wp-content\/uploads\/2024\/05\/Matkahuolto_nayta_pysakit_Matkahuolto_show_stops.jpg 418w\" sizes=\"(max-width: 300px) 100vw, 300px\" \/><\/p><\/div>\n\t\t\t\t\t<\/div><\/div>\t\t\t\t<\/div>\n\t\t\t\t<\/div>\n\t\t\t\t<div class=\"elementor-element elementor-element-ee91e5d elementor-widget elementor-widget-eael-adv-accordion\" data-id=\"ee91e5d\" data-element_type=\"widget\" data-e-type=\"widget\" data-widget_type=\"eael-adv-accordion.default\">\n\t\t\t\t<div class=\"elementor-widget-container\">\n\t\t\t\t\t            <div class=\"eael-adv-accordion\" id=\"eael-adv-accordion-ee91e5d\" data-scroll-on-click=\"no\" data-scroll-speed=\"300\" data-accordion-id=\"ee91e5d\" data-accordion-type=\"accordion\" data-toogle-speed=\"300\">\n            <div class=\"eael-accordion-list\">\n\t\t\t\t\t<div id=\"onko-linja-autoissa-lastenistuimia\" class=\"elementor-tab-title eael-accordion-header\" tabindex=\"0\" data-tab=\"1\" aria-controls=\"elementor-tab-content-2501\"><span class=\"eael-advanced-accordion-icon-closed\"><i aria-hidden=\"true\" class=\"fa-accordion-icon fas fa-chevron-right\"><\/i><\/span><span class=\"eael-advanced-accordion-icon-opened\"><i aria-hidden=\"true\" class=\"fa-accordion-icon fas fa-chevron-down\"><\/i><\/span><span class=\"eael-accordion-tab-title\">Do the buses have child seats?<\/span><\/div><div id=\"elementor-tab-content-2501\" class=\"eael-accordion-content clearfix\" data-tab=\"1\" aria-labelledby=\"onko-linja-autoissa-lastenistuimia\"><p>Unfortunately, there is not, but you can bring your own. Some buses only have lap belts.<\/p><\/div>\n\t\t\t\t\t<\/div><\/div>\t\t\t\t<\/div>\n\t\t\t\t<\/div>\n\t\t\t\t<div class=\"elementor-element elementor-element-b40cae3 elementor-widget elementor-widget-eael-adv-accordion\" data-id=\"b40cae3\" data-element_type=\"widget\" data-e-type=\"widget\" data-widget_type=\"eael-adv-accordion.default\">\n\t\t\t\t<div class=\"elementor-widget-container\">\n\t\t\t\t\t            <div class=\"eael-adv-accordion\" id=\"eael-adv-accordion-b40cae3\" data-scroll-on-click=\"no\" data-scroll-speed=\"300\" data-accordion-id=\"b40cae3\" data-accordion-type=\"accordion\" data-toogle-speed=\"300\">\n            <div class=\"eael-accordion-list\">\n\t\t\t\t\t<div id=\"pitk-bussiin-varata-paikka\" class=\"elementor-tab-title eael-accordion-header\" tabindex=\"0\" data-tab=\"1\" aria-controls=\"elementor-tab-content-1881\"><span class=\"eael-advanced-accordion-icon-closed\"><i aria-hidden=\"true\" class=\"fa-accordion-icon fas fa-chevron-right\"><\/i><\/span><span class=\"eael-advanced-accordion-icon-opened\"><i aria-hidden=\"true\" class=\"fa-accordion-icon fas fa-chevron-down\"><\/i><\/span><span class=\"eael-accordion-tab-title\">Do I have to reserve a seat on the bus?<\/span><\/div><div id=\"elementor-tab-content-1881\" class=\"eael-accordion-content clearfix\" data-tab=\"1\" aria-labelledby=\"pitk-bussiin-varata-paikka\"><p>No need, tickets are also sold on the bus.<\/p><\/div>\n\t\t\t\t\t<\/div><\/div>\t\t\t\t<\/div>\n\t\t\t\t<\/div>\n\t\t\t\t<div class=\"elementor-element elementor-element-6a063ed elementor-widget elementor-widget-eael-adv-accordion\" data-id=\"6a063ed\" data-element_type=\"widget\" data-e-type=\"widget\" data-widget_type=\"eael-adv-accordion.default\">\n\t\t\t\t<div class=\"elementor-widget-container\">\n\t\t\t\t\t            <div class=\"eael-adv-accordion\" id=\"eael-adv-accordion-6a063ed\" data-scroll-on-click=\"no\" data-scroll-speed=\"300\" data-accordion-id=\"6a063ed\" data-accordion-type=\"accordion\" data-toogle-speed=\"300\">\n            <div class=\"eael-accordion-list\">\n\t\t\t\t\t<div id=\"saako-bussiin-tuoda-lemmikkej\" class=\"elementor-tab-title eael-accordion-header\" tabindex=\"0\" data-tab=\"1\" aria-controls=\"elementor-tab-content-1111\"><span class=\"eael-advanced-accordion-icon-closed\"><i aria-hidden=\"true\" class=\"fa-accordion-icon fas fa-chevron-right\"><\/i><\/span><span class=\"eael-advanced-accordion-icon-opened\"><i aria-hidden=\"true\" class=\"fa-accordion-icon fas fa-chevron-down\"><\/i><\/span><span class=\"eael-accordion-tab-title\">Can I bring pets on the bus?<\/span><\/div><div id=\"elementor-tab-content-1111\" class=\"eael-accordion-content clearfix\" data-tab=\"1\" aria-labelledby=\"saako-bussiin-tuoda-lemmikkej\"><p>Yes, you can, you can buy a pet ticket on the bus, \u20ac5 each.<\/p><\/div>\n\t\t\t\t\t<\/div><\/div>\t\t\t\t<\/div>\n\t\t\t\t<\/div>\n\t\t\t\t\t<\/div>\n\t\t<\/div>\n\t\t\t\t\t<\/div>\n\t\t<\/section>\n\t\t\t\t\t<\/div>\n\t\t<\/div>\n\t\t\t\t\t<\/div>\n\t\t<\/section>\n\t\t\t\t<\/div>","protected":false},"excerpt":{"rendered":"<p>Tunturilinjat Oy Usein kysytyt kysymykset Usein kysytyt kysymykset P\u00e4ivit\u00e4mme my\u00f6hemmin mukaan lis\u00e4\u00e4 kysymyksi\u00e4. Milloin liput tulevat myyntiin? Liput busseihin tulevat myyntiin edellisen kuun lopulla. My\u00f6s aikataulup\u00e4ivitykset tehd\u00e4\u00e4n edellisen kuun loppupuolella. Mist\u00e4 n\u00e4en tarkat pys\u00e4kit reiteille? Tarkemmat reitit n\u00e4et Matkahuollon sivun kautta 1. Valitse ensin p\u00e4iv\u00e4m\u00e4\u00e4r\u00e4t. 2. Paina lipun hinnan vieress\u00e4 olevaa &#8217;Info&#8217; teksti\u00e4, ja sitten [&hellip;]<\/p>\n","protected":false},"author":1,"featured_media":0,"parent":0,"menu_order":0,"comment_status":"closed","ping_status":"closed","template":"elementor_header_footer","meta":{"footnotes":""},"class_list":["post-3091","page","type-page","status-publish","hentry"],"_links":{"self":[{"href":"https:\/\/tunturilinjat.fi\/en\/wp-json\/wp\/v2\/pages\/3091","targetHints":{"allow":["GET"]}}],"collection":[{"href":"https:\/\/tunturilinjat.fi\/en\/wp-json\/wp\/v2\/pages"}],"about":[{"href":"https:\/\/tunturilinjat.fi\/en\/wp-json\/wp\/v2\/types\/page"}],"author":[{"embeddable":true,"href":"https:\/\/tunturilinjat.fi\/en\/wp-json\/wp\/v2\/users\/1"}],"replies":[{"embeddable":true,"href":"https:\/\/tunturilinjat.fi\/en\/wp-json\/wp\/v2\/comments?post=3091"}],"version-history":[{"count":31,"href":"https:\/\/tunturilinjat.fi\/en\/wp-json\/wp\/v2\/pages\/3091\/revisions"}],"predecessor-version":[{"id":3326,"href":"https:\/\/tunturilinjat.fi\/en\/wp-json\/wp\/v2\/pages\/3091\/revisions\/3326"}],"wp:attachment":[{"href":"https:\/\/tunturilinjat.fi\/en\/wp-json\/wp\/v2\/media?parent=3091"}],"curies":[{"name":"wp","href":"https:\/\/api.w.org\/{rel}","templated":true}]}}