{"id":651,"date":"2023-11-07T17:06:57","date_gmt":"2023-11-07T17:06:57","guid":{"rendered":"https:\/\/tunturilinjat.louru.fi\/?page_id=651"},"modified":"2024-11-22T10:37:24","modified_gmt":"2024-11-22T10:37:24","slug":"unternehmen","status":"publish","type":"page","link":"https:\/\/tunturilinjat.fi\/de\/yritys\/","title":{"rendered":"Unternehmen"},"content":{"rendered":"<div data-elementor-type=\"wp-page\" data-elementor-id=\"651\" class=\"elementor elementor-651\" data-elementor-post-type=\"page\">\n\t\t\t\t\t\t<section data-particle_enable=\"false\" data-particle-mobile-disabled=\"false\" class=\"elementor-section elementor-top-section elementor-element elementor-element-55d70db0 elementor-section-boxed elementor-section-height-default elementor-section-height-default\" data-id=\"55d70db0\" data-element_type=\"section\" data-e-type=\"section\" data-settings=\"{&quot;background_background&quot;:&quot;classic&quot;}\">\n\t\t\t\t\t\t\t<div class=\"elementor-background-overlay\"><\/div>\n\t\t\t\t\t\t\t<div class=\"elementor-container elementor-column-gap-default\">\n\t\t\t\t\t<div class=\"elementor-column elementor-col-100 elementor-top-column elementor-element elementor-element-7115b96d\" data-id=\"7115b96d\" data-element_type=\"column\" data-e-type=\"column\">\n\t\t\t<div class=\"elementor-widget-wrap elementor-element-populated\">\n\t\t\t\t\t\t<div class=\"elementor-element elementor-element-4f72741 elementor-invisible elementor-widget elementor-widget-heading\" data-id=\"4f72741\" data-element_type=\"widget\" data-e-type=\"widget\" data-settings=\"{&quot;_animation&quot;:&quot;fadeInDown&quot;,&quot;_animation_delay&quot;:400}\" data-widget_type=\"heading.default\">\n\t\t\t\t<div class=\"elementor-widget-container\">\n\t\t\t\t\t<h5 class=\"elementor-heading-title elementor-size-default\">Unternehmen<\/h5>\t\t\t\t<\/div>\n\t\t\t\t<\/div>\n\t\t\t\t<div class=\"elementor-element elementor-element-f13ffbd elementor-widget__width-auto elementor-invisible elementor-widget elementor-widget-heading\" data-id=\"f13ffbd\" data-element_type=\"widget\" data-e-type=\"widget\" data-settings=\"{&quot;_animation&quot;:&quot;fadeInUp&quot;}\" data-widget_type=\"heading.default\">\n\t\t\t\t<div class=\"elementor-widget-container\">\n\t\t\t\t\t<h2 class=\"elementor-heading-title elementor-size-default\">Tunturilinjat Oy<\/h2>\t\t\t\t<\/div>\n\t\t\t\t<\/div>\n\t\t\t\t\t<\/div>\n\t\t<\/div>\n\t\t\t\t\t<\/div>\n\t\t<\/section>\n\t\t\t\t<section data-particle_enable=\"false\" data-particle-mobile-disabled=\"false\" class=\"elementor-section elementor-top-section elementor-element elementor-element-0420149 elementor-section-boxed elementor-section-height-default elementor-section-height-default\" data-id=\"0420149\" data-element_type=\"section\" data-e-type=\"section\" data-settings=\"{&quot;background_background&quot;:&quot;classic&quot;,&quot;animation&quot;:&quot;none&quot;}\">\n\t\t\t\t\t\t<div class=\"elementor-container elementor-column-gap-default\">\n\t\t\t\t\t<div class=\"elementor-column elementor-col-100 elementor-top-column elementor-element elementor-element-5d92397\" data-id=\"5d92397\" data-element_type=\"column\" data-e-type=\"column\">\n\t\t\t<div class=\"elementor-widget-wrap elementor-element-populated\">\n\t\t\t\t\t\t<section data-particle_enable=\"false\" data-particle-mobile-disabled=\"false\" class=\"elementor-section elementor-inner-section elementor-element elementor-element-29dd1af elementor-section-full_width elementor-section-height-default elementor-section-height-default\" data-id=\"29dd1af\" data-element_type=\"section\" data-e-type=\"section\">\n\t\t\t\t\t\t<div class=\"elementor-container elementor-column-gap-default\">\n\t\t\t\t\t<div class=\"elementor-column elementor-col-50 elementor-inner-column elementor-element elementor-element-586a834\" data-id=\"586a834\" data-element_type=\"column\" data-e-type=\"column\">\n\t\t\t<div class=\"elementor-widget-wrap elementor-element-populated\">\n\t\t\t\t\t\t<div class=\"elementor-element elementor-element-d26cdd4 elementor-invisible elementor-widget elementor-widget-text-editor\" data-id=\"d26cdd4\" data-element_type=\"widget\" data-e-type=\"widget\" data-settings=\"{&quot;_animation&quot;:&quot;fadeInUp&quot;}\" data-widget_type=\"text-editor.default\">\n\t\t\t\t<div class=\"elementor-widget-container\">\n\t\t\t\t\t\t\t\t\t<p>Tunturilinjat kennt die Berge \u2013 das kann man aus gutem Grund sagen. Die lange Tradition des Unternehmens reicht bis ins Jahr 1948 zur\u00fcck. Als Transportunternehmen in der Levi-Fj\u00e4ll-Region kennt Tunturilinjat die saisonalen und wetterbedingten Schwankungen der Region und Lapplands.\u00a0<\/p><p>Tunturilinjat spielt eine wichtige Rolle als Entwickler und Implementierer des Bodentransports des Flughafens Kittil\u00e4 vom Flughafen zum Levi's-Fjellzentrum. Mit dem starken Wachstum des Tourismuszentrums Levi und dem steigenden Verkehrsaufkommen am Flughafen Kittil\u00e4 steigt auch der Bedarf an Bodentransportkapazit\u00e4ten. Tunturilinjat hat die Herausforderung angenommen.<\/p><p>Die moderne Transportausr\u00fcstung erf\u00fcllt die Erwartungen selbst der anspruchsvollsten Reisenden und bedient mit ihrer Effizienz auch in der Hochsaison die Anzahl der Passagiere. Mit erfahrenen Fahrern wird der Transfer vom Terminal zur Unterkunft komfortabel und flexibel abgewickelt.<\/p><p>Mit dem regelm\u00e4\u00dfigen Linienverkehr der Bergbahnen k\u00f6nnen Sie zudem die Landschaft der Umgebung und das Leben in den D\u00f6rfern kennenlernen.<\/p>\t\t\t\t\t\t\t\t<\/div>\n\t\t\t\t<\/div>\n\t\t\t\t\t<\/div>\n\t\t<\/div>\n\t\t\t\t<div class=\"elementor-column elementor-col-50 elementor-inner-column elementor-element elementor-element-e82bd3f\" data-id=\"e82bd3f\" data-element_type=\"column\" data-e-type=\"column\">\n\t\t\t<div class=\"elementor-widget-wrap elementor-element-populated\">\n\t\t\t\t\t\t<div class=\"elementor-element elementor-element-6769705 elementor-widget elementor-widget-image\" data-id=\"6769705\" data-element_type=\"widget\" data-e-type=\"widget\" data-widget_type=\"image.default\">\n\t\t\t\t<div class=\"elementor-widget-container\">\n\t\t\t\t\t\t\t\t\t\t\t\t\t\t\t<img fetchpriority=\"high\" decoding=\"async\" width=\"800\" height=\"445\" src=\"https:\/\/tunturilinjat.fi\/wp-content\/uploads\/2024\/05\/Tunturilinjat_bussi_01-1024x569.jpg\" class=\"attachment-large size-large wp-image-2845\" alt=\"Die Tunturilinjat durch die Landschaften Lapplands\" srcset=\"https:\/\/tunturilinjat.fi\/wp-content\/uploads\/2024\/05\/Tunturilinjat_bussi_01-1024x569.jpg 1024w, https:\/\/tunturilinjat.fi\/wp-content\/uploads\/2024\/05\/Tunturilinjat_bussi_01-300x167.jpg 300w, https:\/\/tunturilinjat.fi\/wp-content\/uploads\/2024\/05\/Tunturilinjat_bussi_01-768x427.jpg 768w, https:\/\/tunturilinjat.fi\/wp-content\/uploads\/2024\/05\/Tunturilinjat_bussi_01-1536x854.jpg 1536w, https:\/\/tunturilinjat.fi\/wp-content\/uploads\/2024\/05\/Tunturilinjat_bussi_01-2048x1138.jpg 2048w, https:\/\/tunturilinjat.fi\/wp-content\/uploads\/2024\/05\/Tunturilinjat_bussi_01-18x10.jpg 18w\" sizes=\"(max-width: 800px) 100vw, 800px\" \/>\t\t\t\t\t\t\t\t\t\t\t\t\t\t\t<\/div>\n\t\t\t\t<\/div>\n\t\t\t\t<div class=\"elementor-element elementor-element-de89d8a animated-slow elementor-invisible elementor-widget elementor-widget-image\" data-id=\"de89d8a\" data-element_type=\"widget\" data-e-type=\"widget\" data-settings=\"{&quot;_animation&quot;:&quot;fadeInLeft&quot;,&quot;_animation_delay&quot;:1200}\" data-widget_type=\"image.default\">\n\t\t\t\t<div class=\"elementor-widget-container\">\n\t\t\t\t\t\t\t\t\t\t\t\t\t\t\t<img decoding=\"async\" width=\"290\" height=\"350\" src=\"https:\/\/tunturilinjat.fi\/wp-content\/uploads\/2023\/11\/tunturilinjat-kartta-taustalla.jpg\" class=\"attachment-large size-large wp-image-2197\" alt=\"\" srcset=\"https:\/\/tunturilinjat.fi\/wp-content\/uploads\/2023\/11\/tunturilinjat-kartta-taustalla.jpg 290w, https:\/\/tunturilinjat.fi\/wp-content\/uploads\/2023\/11\/tunturilinjat-kartta-taustalla-249x300.jpg 249w, https:\/\/tunturilinjat.fi\/wp-content\/uploads\/2023\/11\/tunturilinjat-kartta-taustalla-10x12.jpg 10w\" sizes=\"(max-width: 290px) 100vw, 290px\" \/>\t\t\t\t\t\t\t\t\t\t\t\t\t\t\t<\/div>\n\t\t\t\t<\/div>\n\t\t\t\t\t<\/div>\n\t\t<\/div>\n\t\t\t\t\t<\/div>\n\t\t<\/section>\n\t\t\t\t\t<\/div>\n\t\t<\/div>\n\t\t\t\t\t<\/div>\n\t\t<\/section>\n\t\t\t\t<section data-particle_enable=\"false\" data-particle-mobile-disabled=\"false\" class=\"elementor-section elementor-top-section elementor-element elementor-element-5ed986b elementor-section-boxed elementor-section-height-default elementor-section-height-default\" data-id=\"5ed986b\" data-element_type=\"section\" data-e-type=\"section\">\n\t\t\t\t\t\t<div class=\"elementor-container elementor-column-gap-default\">\n\t\t\t\t\t<div class=\"elementor-column elementor-col-100 elementor-top-column elementor-element elementor-element-62c6d87\" data-id=\"62c6d87\" data-element_type=\"column\" data-e-type=\"column\">\n\t\t\t<div class=\"elementor-widget-wrap elementor-element-populated\">\n\t\t\t\t\t\t<div class=\"elementor-element elementor-element-b20a5c4 elementor-widget elementor-widget-menu-anchor\" data-id=\"b20a5c4\" data-element_type=\"widget\" data-e-type=\"widget\" data-widget_type=\"menu-anchor.default\">\n\t\t\t\t<div class=\"elementor-widget-container\">\n\t\t\t\t\t\t\t<div class=\"elementor-menu-anchor\" id=\"kuvagalleria\"><\/div>\n\t\t\t\t\t\t<\/div>\n\t\t\t\t<\/div>\n\t\t\t\t\t<\/div>\n\t\t<\/div>\n\t\t\t\t\t<\/div>\n\t\t<\/section>\n\t\t\t\t<section data-particle_enable=\"false\" data-particle-mobile-disabled=\"false\" class=\"elementor-section elementor-top-section elementor-element elementor-element-ae40f1a elementor-section-boxed elementor-section-height-default elementor-section-height-default\" data-id=\"ae40f1a\" data-element_type=\"section\" data-e-type=\"section\" data-settings=\"{&quot;background_background&quot;:&quot;classic&quot;}\">\n\t\t\t\t\t\t\t<div class=\"elementor-background-overlay\"><\/div>\n\t\t\t\t\t\t\t<div class=\"elementor-container elementor-column-gap-default\">\n\t\t\t\t\t<div class=\"elementor-column elementor-col-100 elementor-top-column elementor-element elementor-element-167ae1a\" data-id=\"167ae1a\" data-element_type=\"column\" data-e-type=\"column\">\n\t\t\t<div class=\"elementor-widget-wrap elementor-element-populated\">\n\t\t\t\t\t\t<div class=\"elementor-element elementor-element-5ed8fd3 elementor-widget__width-auto elementor-widget-mobile__width-inherit elementor-widget elementor-widget-heading\" data-id=\"5ed8fd3\" data-element_type=\"widget\" data-e-type=\"widget\" data-widget_type=\"heading.default\">\n\t\t\t\t<div class=\"elementor-widget-container\">\n\t\t\t\t\t<h2 class=\"elementor-heading-title elementor-size-default\">Fotogallerie<\/h2>\t\t\t\t<\/div>\n\t\t\t\t<\/div>\n\t\t\t\t<div class=\"elementor-element elementor-element-8d7f5f4 animated-slow elementor-invisible elementor-widget elementor-widget-image\" data-id=\"8d7f5f4\" data-element_type=\"widget\" data-e-type=\"widget\" data-settings=\"{&quot;_animation&quot;:&quot;fadeInUp&quot;}\" data-widget_type=\"image.default\">\n\t\t\t\t<div class=\"elementor-widget-container\">\n\t\t\t\t\t\t\t\t\t\t\t\t\t\t\t<img decoding=\"async\" width=\"800\" height=\"447\" src=\"https:\/\/tunturilinjat.fi\/wp-content\/uploads\/2024\/05\/Tunturilinjat_bussi_02_uusi-1024x572.jpg\" class=\"attachment-large size-large wp-image-2850\" alt=\"Die Tunturilinjat durch die Landschaften Lapplands\" srcset=\"https:\/\/tunturilinjat.fi\/wp-content\/uploads\/2024\/05\/Tunturilinjat_bussi_02_uusi-1024x572.jpg 1024w, https:\/\/tunturilinjat.fi\/wp-content\/uploads\/2024\/05\/Tunturilinjat_bussi_02_uusi-300x168.jpg 300w, https:\/\/tunturilinjat.fi\/wp-content\/uploads\/2024\/05\/Tunturilinjat_bussi_02_uusi-768x429.jpg 768w, https:\/\/tunturilinjat.fi\/wp-content\/uploads\/2024\/05\/Tunturilinjat_bussi_02_uusi-1536x858.jpg 1536w, https:\/\/tunturilinjat.fi\/wp-content\/uploads\/2024\/05\/Tunturilinjat_bussi_02_uusi-2048x1144.jpg 2048w, https:\/\/tunturilinjat.fi\/wp-content\/uploads\/2024\/05\/Tunturilinjat_bussi_02_uusi-18x10.jpg 18w\" sizes=\"(max-width: 800px) 100vw, 800px\" \/>\t\t\t\t\t\t\t\t\t\t\t\t\t\t\t<\/div>\n\t\t\t\t<\/div>\n\t\t\t\t<div class=\"elementor-element elementor-element-b9f177e animated-slow elementor-invisible elementor-widget elementor-widget-image\" data-id=\"b9f177e\" data-element_type=\"widget\" data-e-type=\"widget\" data-settings=\"{&quot;_animation&quot;:&quot;fadeInLeft&quot;,&quot;_animation_delay&quot;:200}\" data-widget_type=\"image.default\">\n\t\t\t\t<div class=\"elementor-widget-container\">\n\t\t\t\t\t\t\t\t\t\t\t\t\t\t\t<img loading=\"lazy\" decoding=\"async\" width=\"800\" height=\"533\" src=\"https:\/\/tunturilinjat.fi\/wp-content\/uploads\/2023\/10\/tunturilinjat-2012-5-1024x682.jpg\" class=\"attachment-large size-large wp-image-341\" alt=\"Tunturilinjat-Bus im B\u00fcro\" srcset=\"https:\/\/tunturilinjat.fi\/wp-content\/uploads\/2023\/10\/tunturilinjat-2012-5-1024x682.jpg 1024w, https:\/\/tunturilinjat.fi\/wp-content\/uploads\/2023\/10\/tunturilinjat-2012-5-300x200.jpg 300w, https:\/\/tunturilinjat.fi\/wp-content\/uploads\/2023\/10\/tunturilinjat-2012-5-768x512.jpg 768w, https:\/\/tunturilinjat.fi\/wp-content\/uploads\/2023\/10\/tunturilinjat-2012-5-1536x1023.jpg 1536w, https:\/\/tunturilinjat.fi\/wp-content\/uploads\/2023\/10\/tunturilinjat-2012-5.jpg 1600w\" sizes=\"(max-width: 800px) 100vw, 800px\" \/>\t\t\t\t\t\t\t\t\t\t\t\t\t\t\t<\/div>\n\t\t\t\t<\/div>\n\t\t\t\t\t<\/div>\n\t\t<\/div>\n\t\t\t\t\t<\/div>\n\t\t<\/section>\n\t\t\t\t<section data-particle_enable=\"false\" data-particle-mobile-disabled=\"false\" class=\"elementor-section elementor-top-section elementor-element elementor-element-f04a672 elementor-section-boxed elementor-section-height-default elementor-section-height-default\" data-id=\"f04a672\" data-element_type=\"section\" data-e-type=\"section\" data-settings=\"{&quot;background_background&quot;:&quot;classic&quot;}\">\n\t\t\t\t\t\t\t<div class=\"elementor-background-overlay\"><\/div>\n\t\t\t\t\t\t\t<div class=\"elementor-container elementor-column-gap-default\">\n\t\t\t\t\t<div class=\"elementor-column elementor-col-100 elementor-top-column elementor-element elementor-element-8580136\" data-id=\"8580136\" data-element_type=\"column\" data-e-type=\"column\" data-settings=\"{&quot;background_background&quot;:&quot;classic&quot;}\">\n\t\t\t<div class=\"elementor-widget-wrap elementor-element-populated\">\n\t\t\t\t\t\t<div class=\"elementor-element elementor-element-2c452de elementor-widget elementor-widget-gallery\" data-id=\"2c452de\" data-element_type=\"widget\" data-e-type=\"widget\" data-settings=\"{&quot;columns&quot;:3,&quot;aspect_ratio&quot;:&quot;4:3&quot;,&quot;lazyload&quot;:&quot;yes&quot;,&quot;gallery_layout&quot;:&quot;grid&quot;,&quot;columns_tablet&quot;:2,&quot;columns_mobile&quot;:1,&quot;gap&quot;:{&quot;unit&quot;:&quot;px&quot;,&quot;size&quot;:10,&quot;sizes&quot;:[]},&quot;gap_laptop&quot;:{&quot;unit&quot;:&quot;px&quot;,&quot;size&quot;:10,&quot;sizes&quot;:[]},&quot;gap_tablet&quot;:{&quot;unit&quot;:&quot;px&quot;,&quot;size&quot;:10,&quot;sizes&quot;:[]},&quot;gap_mobile&quot;:{&quot;unit&quot;:&quot;px&quot;,&quot;size&quot;:10,&quot;sizes&quot;:[]},&quot;link_to&quot;:&quot;file&quot;,&quot;overlay_background&quot;:&quot;yes&quot;,&quot;content_hover_animation&quot;:&quot;fade-in&quot;}\" data-widget_type=\"gallery.default\">\n\t\t\t\t<div class=\"elementor-widget-container\">\n\t\t\t\t\t\t\t<div class=\"elementor-gallery__container\">\n\t\t\t\t\t\t\t<a class=\"e-gallery-item elementor-gallery-item elementor-animated-content\" href=\"https:\/\/tunturilinjat.fi\/wp-content\/uploads\/2024\/05\/Tunturilinjat_bussi_02_uusi.jpg\" data-elementor-open-lightbox=\"yes\" data-elementor-lightbox-slideshow=\"2c452de\" data-elementor-lightbox-title=\"Tunturilinjat\" data-elementor-lightbox-description=\"Tunturilinjat, bussi Kolari - Kittil\u00e4 - Levi\" data-e-action-hash=\"#elementor-action%3Aaction%3Dlightbox%26settings%3DeyJpZCI6Mjg1MCwidXJsIjoiaHR0cHM6XC9cL3R1bnR1cmlsaW5qYXQuZmlcL3dwLWNvbnRlbnRcL3VwbG9hZHNcLzIwMjRcLzA1XC9UdW50dXJpbGluamF0X2J1c3NpXzAyX3V1c2kuanBnIiwic2xpZGVzaG93IjoiMmM0NTJkZSJ9\">\n\t\t\t\t\t<div class=\"e-gallery-image elementor-gallery-item__image\" data-thumbnail=\"https:\/\/tunturilinjat.fi\/wp-content\/uploads\/2024\/05\/Tunturilinjat_bussi_02_uusi-1024x572.jpg\" data-width=\"800\" data-height=\"447\" aria-label=\"Die Tunturilinjat durch die Landschaften Lapplands\" role=\"img\" ><\/div>\n\t\t\t\t\t\t\t\t\t\t\t<div class=\"elementor-gallery-item__overlay\"><\/div>\n\t\t\t\t\t\t\t\t\t\t\t\t\t\t<\/a>\n\t\t\t\t\t\t\t<a class=\"e-gallery-item elementor-gallery-item elementor-animated-content\" href=\"https:\/\/tunturilinjat.fi\/wp-content\/uploads\/2023\/10\/tunturilinjat-2012-5.jpg\" data-elementor-open-lightbox=\"yes\" data-elementor-lightbox-slideshow=\"2c452de\" data-elementor-lightbox-title=\"Tunturilinjat\" data-elementor-lightbox-description=\"Tunturilinjat, bussi Kolari - Kittil\u00e4 - Levi\" data-e-action-hash=\"#elementor-action%3Aaction%3Dlightbox%26settings%3DeyJpZCI6MzQxLCJ1cmwiOiJodHRwczpcL1wvdHVudHVyaWxpbmphdC5maVwvd3AtY29udGVudFwvdXBsb2Fkc1wvMjAyM1wvMTBcL3R1bnR1cmlsaW5qYXQtMjAxMi01LmpwZyIsInNsaWRlc2hvdyI6IjJjNDUyZGUifQ%3D%3D\">\n\t\t\t\t\t<div class=\"e-gallery-image elementor-gallery-item__image\" data-thumbnail=\"https:\/\/tunturilinjat.fi\/wp-content\/uploads\/2023\/10\/tunturilinjat-2012-5-1024x682.jpg\" data-width=\"800\" data-height=\"533\" aria-label=\"Tunturilinjat-Bus im B\u00fcro\" role=\"img\" ><\/div>\n\t\t\t\t\t\t\t\t\t\t\t<div class=\"elementor-gallery-item__overlay\"><\/div>\n\t\t\t\t\t\t\t\t\t\t\t\t\t\t<\/a>\n\t\t\t\t\t\t\t<a class=\"e-gallery-item elementor-gallery-item elementor-animated-content\" href=\"https:\/\/tunturilinjat.fi\/wp-content\/uploads\/2023\/10\/tunturilinjat-2012-2.jpg\" data-elementor-open-lightbox=\"yes\" data-elementor-lightbox-slideshow=\"2c452de\" data-elementor-lightbox-title=\"Tunturilinjat\" data-elementor-lightbox-description=\"Tunturilinjat, bussi Kolari - Kittil\u00e4 - Levi\" data-e-action-hash=\"#elementor-action%3Aaction%3Dlightbox%26settings%3DeyJpZCI6MzM5LCJ1cmwiOiJodHRwczpcL1wvdHVudHVyaWxpbmphdC5maVwvd3AtY29udGVudFwvdXBsb2Fkc1wvMjAyM1wvMTBcL3R1bnR1cmlsaW5qYXQtMjAxMi0yLmpwZyIsInNsaWRlc2hvdyI6IjJjNDUyZGUifQ%3D%3D\">\n\t\t\t\t\t<div class=\"e-gallery-image elementor-gallery-item__image\" data-thumbnail=\"https:\/\/tunturilinjat.fi\/wp-content\/uploads\/2023\/10\/tunturilinjat-2012-2-1024x682.jpg\" data-width=\"800\" data-height=\"533\" aria-label=\"\" role=\"img\" ><\/div>\n\t\t\t\t\t\t\t\t\t\t\t<div class=\"elementor-gallery-item__overlay\"><\/div>\n\t\t\t\t\t\t\t\t\t\t\t\t\t\t<\/a>\n\t\t\t\t\t\t\t<a class=\"e-gallery-item elementor-gallery-item elementor-animated-content\" href=\"https:\/\/tunturilinjat.fi\/wp-content\/uploads\/2023\/10\/tunturilinjat-2012-3.jpg\" data-elementor-open-lightbox=\"yes\" data-elementor-lightbox-slideshow=\"2c452de\" data-elementor-lightbox-title=\"Tunturilinjat\" data-elementor-lightbox-description=\"Tunturilinjat, bussi Kolari - Kittil\u00e4 - Levi\" data-e-action-hash=\"#elementor-action%3Aaction%3Dlightbox%26settings%3DeyJpZCI6MzQwLCJ1cmwiOiJodHRwczpcL1wvdHVudHVyaWxpbmphdC5maVwvd3AtY29udGVudFwvdXBsb2Fkc1wvMjAyM1wvMTBcL3R1bnR1cmlsaW5qYXQtMjAxMi0zLmpwZyIsInNsaWRlc2hvdyI6IjJjNDUyZGUifQ%3D%3D\">\n\t\t\t\t\t<div class=\"e-gallery-image elementor-gallery-item__image\" data-thumbnail=\"https:\/\/tunturilinjat.fi\/wp-content\/uploads\/2023\/10\/tunturilinjat-2012-3-1024x682.jpg\" data-width=\"800\" data-height=\"533\" aria-label=\"Fahrerm\u00fctze\" role=\"img\" ><\/div>\n\t\t\t\t\t\t\t\t\t\t\t<div class=\"elementor-gallery-item__overlay\"><\/div>\n\t\t\t\t\t\t\t\t\t\t\t\t\t\t<\/a>\n\t\t\t\t\t\t\t<a class=\"e-gallery-item elementor-gallery-item elementor-animated-content\" href=\"https:\/\/tunturilinjat.fi\/wp-content\/uploads\/2023\/10\/tunturilinjat-2012-1.jpg\" data-elementor-open-lightbox=\"yes\" data-elementor-lightbox-slideshow=\"2c452de\" data-elementor-lightbox-title=\"Tunturilinjat\" data-elementor-lightbox-description=\"Tunturilinjat, lentokentt\u00e4kuljetus Kittil\u00e4 - Levi\" data-e-action-hash=\"#elementor-action%3Aaction%3Dlightbox%26settings%3DeyJpZCI6MzM4LCJ1cmwiOiJodHRwczpcL1wvdHVudHVyaWxpbmphdC5maVwvd3AtY29udGVudFwvdXBsb2Fkc1wvMjAyM1wvMTBcL3R1bnR1cmlsaW5qYXQtMjAxMi0xLmpwZyIsInNsaWRlc2hvdyI6IjJjNDUyZGUifQ%3D%3D\">\n\t\t\t\t\t<div class=\"e-gallery-image elementor-gallery-item__image\" data-thumbnail=\"https:\/\/tunturilinjat.fi\/wp-content\/uploads\/2023\/10\/tunturilinjat-2012-1-1024x682.jpg\" data-width=\"800\" data-height=\"533\" aria-label=\"Felllinien, Flughafentransfer Kittil\u00e4 - Levi\" role=\"img\" ><\/div>\n\t\t\t\t\t\t\t\t\t\t\t<div class=\"elementor-gallery-item__overlay\"><\/div>\n\t\t\t\t\t\t\t\t\t\t\t\t\t\t<\/a>\n\t\t\t\t\t\t\t<a class=\"e-gallery-item elementor-gallery-item elementor-animated-content\" href=\"https:\/\/tunturilinjat.fi\/wp-content\/uploads\/2023\/10\/tunturilinjat-2012-10.jpg\" data-elementor-open-lightbox=\"yes\" data-elementor-lightbox-slideshow=\"2c452de\" data-elementor-lightbox-title=\"Tunturilinjat\" data-elementor-lightbox-description=\"Tunturilinjat, lentokentt\u00e4kuljetus Kittil\u00e4 - Levi\" data-e-action-hash=\"#elementor-action%3Aaction%3Dlightbox%26settings%3DeyJpZCI6MzI4LCJ1cmwiOiJodHRwczpcL1wvdHVudHVyaWxpbmphdC5maVwvd3AtY29udGVudFwvdXBsb2Fkc1wvMjAyM1wvMTBcL3R1bnR1cmlsaW5qYXQtMjAxMi0xMC5qcGciLCJzbGlkZXNob3ciOiIyYzQ1MmRlIn0%3D\">\n\t\t\t\t\t<div class=\"e-gallery-image elementor-gallery-item__image\" data-thumbnail=\"https:\/\/tunturilinjat.fi\/wp-content\/uploads\/2023\/10\/tunturilinjat-2012-10-1024x682.jpg\" data-width=\"800\" data-height=\"533\" aria-label=\"Felllinien, Flughafentransfer Kittil\u00e4 - Levi\" role=\"img\" ><\/div>\n\t\t\t\t\t\t\t\t\t\t\t<div class=\"elementor-gallery-item__overlay\"><\/div>\n\t\t\t\t\t\t\t\t\t\t\t\t\t\t<\/a>\n\t\t\t\t\t\t\t<a class=\"e-gallery-item elementor-gallery-item elementor-animated-content\" href=\"https:\/\/tunturilinjat.fi\/wp-content\/uploads\/2023\/10\/tunturilinjat-2012-8.jpg\" data-elementor-open-lightbox=\"yes\" data-elementor-lightbox-slideshow=\"2c452de\" data-elementor-lightbox-title=\"Tunturilinjat\" data-elementor-lightbox-description=\"Tunturilinjat, lentokentt\u00e4kuljetus Kittil\u00e4 - Levi\" data-e-action-hash=\"#elementor-action%3Aaction%3Dlightbox%26settings%3DeyJpZCI6MzI2LCJ1cmwiOiJodHRwczpcL1wvdHVudHVyaWxpbmphdC5maVwvd3AtY29udGVudFwvdXBsb2Fkc1wvMjAyM1wvMTBcL3R1bnR1cmlsaW5qYXQtMjAxMi04LmpwZyIsInNsaWRlc2hvdyI6IjJjNDUyZGUifQ%3D%3D\">\n\t\t\t\t\t<div class=\"e-gallery-image elementor-gallery-item__image\" data-thumbnail=\"https:\/\/tunturilinjat.fi\/wp-content\/uploads\/2023\/10\/tunturilinjat-2012-8-1024x682.jpg\" data-width=\"800\" data-height=\"533\" aria-label=\"Felllinien, Flughafentransfer Kittil\u00e4 - Levi\" role=\"img\" ><\/div>\n\t\t\t\t\t\t\t\t\t\t\t<div class=\"elementor-gallery-item__overlay\"><\/div>\n\t\t\t\t\t\t\t\t\t\t\t\t\t\t<\/a>\n\t\t\t\t\t\t\t<a class=\"e-gallery-item elementor-gallery-item elementor-animated-content\" href=\"https:\/\/tunturilinjat.fi\/wp-content\/uploads\/2023\/10\/taulut_tunturilinjat_1.jpg\" data-elementor-open-lightbox=\"yes\" data-elementor-lightbox-slideshow=\"2c452de\" data-elementor-lightbox-title=\"Tunturilinjat\" data-elementor-lightbox-description=\"Toimipiste\" data-e-action-hash=\"#elementor-action%3Aaction%3Dlightbox%26settings%3DeyJpZCI6MzM2LCJ1cmwiOiJodHRwczpcL1wvdHVudHVyaWxpbmphdC5maVwvd3AtY29udGVudFwvdXBsb2Fkc1wvMjAyM1wvMTBcL3RhdWx1dF90dW50dXJpbGluamF0XzEuanBnIiwic2xpZGVzaG93IjoiMmM0NTJkZSJ9\">\n\t\t\t\t\t<div class=\"e-gallery-image elementor-gallery-item__image\" data-thumbnail=\"https:\/\/tunturilinjat.fi\/wp-content\/uploads\/2023\/10\/taulut_tunturilinjat_1-1024x674.jpg\" data-width=\"800\" data-height=\"527\" aria-label=\"B\u00fcro\" role=\"img\" ><\/div>\n\t\t\t\t\t\t\t\t\t\t\t<div class=\"elementor-gallery-item__overlay\"><\/div>\n\t\t\t\t\t\t\t\t\t\t\t\t\t\t<\/a>\n\t\t\t\t\t\t\t<a class=\"e-gallery-item elementor-gallery-item elementor-animated-content\" href=\"https:\/\/tunturilinjat.fi\/wp-content\/uploads\/2023\/10\/taulut_tunturilinjat_2.jpg\" data-elementor-open-lightbox=\"yes\" data-elementor-lightbox-slideshow=\"2c452de\" data-elementor-lightbox-title=\"Tunturilinjat historiaa\" data-elementor-lightbox-description=\"Tunturilinjat, bussi Kittil\u00e4 lentoasema - Levi\" data-e-action-hash=\"#elementor-action%3Aaction%3Dlightbox%26settings%3DeyJpZCI6MzM3LCJ1cmwiOiJodHRwczpcL1wvdHVudHVyaWxpbmphdC5maVwvd3AtY29udGVudFwvdXBsb2Fkc1wvMjAyM1wvMTBcL3RhdWx1dF90dW50dXJpbGluamF0XzIuanBnIiwic2xpZGVzaG93IjoiMmM0NTJkZSJ9\">\n\t\t\t\t\t<div class=\"e-gallery-image elementor-gallery-item__image\" data-thumbnail=\"https:\/\/tunturilinjat.fi\/wp-content\/uploads\/2023\/10\/taulut_tunturilinjat_2-1024x724.jpg\" data-width=\"800\" data-height=\"566\" aria-label=\"Ein historisches Bild der alten B\u00fcros von Tunturilinje\" role=\"img\" ><\/div>\n\t\t\t\t\t\t\t\t\t\t\t<div class=\"elementor-gallery-item__overlay\"><\/div>\n\t\t\t\t\t\t\t\t\t\t\t\t\t\t<\/a>\n\t\t\t\t\t<\/div>\n\t\t\t\t\t<\/div>\n\t\t\t\t<\/div>\n\t\t\t\t\t<\/div>\n\t\t<\/div>\n\t\t\t\t\t<\/div>\n\t\t<\/section>\n\t\t\t\t<\/div>","protected":false},"excerpt":{"rendered":"<p>Yritys Tunturilinjat Oy Tunturilinjat tuntee tunturit &#8211; n\u00e4in voidaan hyv\u00e4ll\u00e4 syyll\u00e4 sanoa. Yrityksen pitk\u00e4t perinteet ylt\u00e4v\u00e4t aina vuoteen 1948. Levin tunturialueen kuljetusyhti\u00f6n\u00e4 Tunturilinjat tuntee alueen ja\u00a0 Lapin vuodenaikojen ja s\u00e4\u00e4olosuhteiden vaihtelut.\u00a0 Tunturilinjoilla on merkitt\u00e4v\u00e4 osa Kittil\u00e4n Lentoaseman maakuljetusten kehitt\u00e4j\u00e4n\u00e4 ja toteuttajana lentokent\u00e4lt\u00e4 Levin tunturikeskukseen.\u00a0 Levin matkailukeskuksen voimakkaan kasvun\u00a0 ja Kittil\u00e4n Lentoaseman kasvavien liikennem\u00e4\u00e4rien my\u00f6t\u00e4 my\u00f6s [&hellip;]<\/p>\n","protected":false},"author":1,"featured_media":0,"parent":0,"menu_order":0,"comment_status":"closed","ping_status":"closed","template":"elementor_header_footer","meta":{"footnotes":""},"class_list":["post-651","page","type-page","status-publish","hentry"],"_links":{"self":[{"href":"https:\/\/tunturilinjat.fi\/de\/wp-json\/wp\/v2\/pages\/651","targetHints":{"allow":["GET"]}}],"collection":[{"href":"https:\/\/tunturilinjat.fi\/de\/wp-json\/wp\/v2\/pages"}],"about":[{"href":"https:\/\/tunturilinjat.fi\/de\/wp-json\/wp\/v2\/types\/page"}],"author":[{"embeddable":true,"href":"https:\/\/tunturilinjat.fi\/de\/wp-json\/wp\/v2\/users\/1"}],"replies":[{"embeddable":true,"href":"https:\/\/tunturilinjat.fi\/de\/wp-json\/wp\/v2\/comments?post=651"}],"version-history":[{"count":148,"href":"https:\/\/tunturilinjat.fi\/de\/wp-json\/wp\/v2\/pages\/651\/revisions"}],"predecessor-version":[{"id":2853,"href":"https:\/\/tunturilinjat.fi\/de\/wp-json\/wp\/v2\/pages\/651\/revisions\/2853"}],"wp:attachment":[{"href":"https:\/\/tunturilinjat.fi\/de\/wp-json\/wp\/v2\/media?parent=651"}],"curies":[{"name":"wp","href":"https:\/\/api.w.org\/{rel}","templated":true}]}}